{"id":842,"date":"2022-01-23T15:08:19","date_gmt":"2022-01-23T08:08:19","guid":{"rendered":"https:\/\/annhientech.vn\/my-account-2\/"},"modified":"2022-01-23T15:08:19","modified_gmt":"2022-01-23T08:08:19","slug":"my-account-2","status":"publish","type":"page","link":"https:\/\/annhientech.com\/en\/my-account-2\/","title":{"rendered":"My Account"},"content":{"rendered":"<div class=\"woocommerce\"><\/div>\n","protected":false},"excerpt":{"rendered":"","protected":false},"author":1,"featured_media":0,"parent":0,"menu_order":0,"comment_status":"closed","ping_status":"closed","template":"","meta":{"footnotes":""},"class_list":["post-842","page","type-page","status-publish","hentry"],"yoast_head":"<!-- This site is optimized with the Yoast SEO plugin v27.3 - https:\/\/yoast.com\/product\/yoast-seo-wordpress\/ -->\n<title>My Account - CTY TNHH KHOA H\u1eccC K\u1ef8 THU\u1eacT AN NHI\u00caN<\/title>\n<meta name=\"description\" content=\"Chuy\u00ean ph\u00e2n ph\u1ed1i thi\u1ebft b\u1ecb khoa h\u1ecdc, h\u00f3a ch\u1ea5t, sinh ph\u1ea9m v\u00e0 \u0111\u1ed3 ti\u00eau hao ph\u1ee5c v\u1ee5 cho c\u00e1c l\u0129nh v\u1ef1c nghi\u00ean c\u1ee9u khoa h\u1ecdc s\u1ef1 s\u1ed1ng h\u1ecdc, h\u00f3a h\u1ecdc, y sinh h\u1ecdc, ch\u1ea9n \u0111o\u00e1n l\u00e2m s\u00e0ng, th\u00fa y, v\u1ec7 sinh th\u1ef1c ph\u1ea9m, ki\u1ec3m so\u00e1t m\u00f4i tr\u01b0\u1eddng, ki\u1ec3m tra ch\u1ea5t l\u01b0\u1ee3ng trong c\u00f4ng nghi\u1ec7p D\u01b0\u1ee3c ph\u1ea9m, Th\u1ef1c ph\u1ea9m v\u00e0 H\u00f3a ch\u1ea5t.\" \/>\n<meta name=\"robots\" content=\"index, follow, max-snippet:-1, max-image-preview:large, max-video-preview:-1\" \/>\n<link rel=\"canonical\" href=\"https:\/\/www.annhientech.vn\/en\/my-account-2\/\" \/>\n<meta property=\"og:locale\" content=\"en_US\" \/>\n<meta property=\"og:type\" content=\"article\" \/>\n<meta property=\"og:title\" content=\"My Account - CTY TNHH KHOA H\u1eccC K\u1ef8 THU\u1eacT AN NHI\u00caN\" \/>\n<meta property=\"og:description\" content=\"Chuy\u00ean ph\u00e2n ph\u1ed1i thi\u1ebft b\u1ecb khoa h\u1ecdc, h\u00f3a ch\u1ea5t, sinh ph\u1ea9m v\u00e0 \u0111\u1ed3 ti\u00eau hao ph\u1ee5c v\u1ee5 cho c\u00e1c l\u0129nh v\u1ef1c nghi\u00ean c\u1ee9u khoa h\u1ecdc s\u1ef1 s\u1ed1ng h\u1ecdc, h\u00f3a h\u1ecdc, y sinh h\u1ecdc, ch\u1ea9n \u0111o\u00e1n l\u00e2m s\u00e0ng, th\u00fa y, v\u1ec7 sinh th\u1ef1c ph\u1ea9m, ki\u1ec3m so\u00e1t m\u00f4i tr\u01b0\u1eddng, ki\u1ec3m tra ch\u1ea5t l\u01b0\u1ee3ng trong c\u00f4ng nghi\u1ec7p D\u01b0\u1ee3c ph\u1ea9m, Th\u1ef1c ph\u1ea9m v\u00e0 H\u00f3a ch\u1ea5t.\" \/>\n<meta property=\"og:url\" content=\"https:\/\/www.annhientech.com\/en\/my-account-2\/\" \/>\n<meta property=\"og:site_name\" content=\"CTY TNHH KHOA H\u1eccC K\u1ef8 THU\u1eacT AN NHI\u00caN\" \/>\n<meta property=\"article:publisher\" content=\"https:\/\/www.facebook.com\/pg\/annhien.scientific\/\" \/>\n<meta property=\"og:image\" content=\"https:\/\/annhientech.com\/wp-content\/uploads\/2021\/05\/Logo-AnNhien-KSNK_20032017.png\" \/>\n\t<meta property=\"og:image:width\" content=\"828\" \/>\n\t<meta property=\"og:image:height\" content=\"828\" \/>\n\t<meta property=\"og:image:type\" content=\"image\/png\" \/>\n<meta name=\"twitter:card\" content=\"summary_large_image\" \/>\n<script type=\"application\/ld+json\" class=\"yoast-schema-graph\">{\"@context\":\"https:\\\/\\\/schema.org\",\"@graph\":[{\"@type\":\"WebPage\",\"@id\":\"https:\\\/\\\/www.annhientech.com\\\/en\\\/my-account-2\\\/\",\"url\":\"https:\\\/\\\/www.annhientech.com\\\/en\\\/my-account-2\\\/\",\"name\":\"My Account - CTY TNHH KHOA H\u1eccC K\u1ef8 THU\u1eacT AN NHI\u00caN\",\"isPartOf\":{\"@id\":\"https:\\\/\\\/annhientech.vn\\\/#website\"},\"datePublished\":\"2022-01-23T08:08:19+00:00\",\"description\":\"Chuy\u00ean ph\u00e2n ph\u1ed1i thi\u1ebft b\u1ecb khoa h\u1ecdc, h\u00f3a ch\u1ea5t, sinh ph\u1ea9m v\u00e0 \u0111\u1ed3 ti\u00eau hao ph\u1ee5c v\u1ee5 cho c\u00e1c l\u0129nh v\u1ef1c nghi\u00ean c\u1ee9u khoa h\u1ecdc s\u1ef1 s\u1ed1ng h\u1ecdc, h\u00f3a h\u1ecdc, y sinh h\u1ecdc, ch\u1ea9n \u0111o\u00e1n l\u00e2m s\u00e0ng, th\u00fa y, v\u1ec7 sinh th\u1ef1c ph\u1ea9m, ki\u1ec3m so\u00e1t m\u00f4i tr\u01b0\u1eddng, ki\u1ec3m tra ch\u1ea5t l\u01b0\u1ee3ng trong c\u00f4ng nghi\u1ec7p D\u01b0\u1ee3c ph\u1ea9m, Th\u1ef1c ph\u1ea9m v\u00e0 H\u00f3a ch\u1ea5t.\",\"breadcrumb\":{\"@id\":\"https:\\\/\\\/www.annhientech.com\\\/en\\\/my-account-2\\\/#breadcrumb\"},\"inLanguage\":\"en-US\",\"potentialAction\":[{\"@type\":\"ReadAction\",\"target\":[\"https:\\\/\\\/www.annhientech.com\\\/en\\\/my-account-2\\\/\"]}]},{\"@type\":\"BreadcrumbList\",\"@id\":\"https:\\\/\\\/www.annhientech.com\\\/en\\\/my-account-2\\\/#breadcrumb\",\"itemListElement\":[{\"@type\":\"ListItem\",\"position\":1,\"name\":\"Trang ch\u1ee7\",\"item\":\"https:\\\/\\\/www.annhientech.vn\\\/en\\\/\"},{\"@type\":\"ListItem\",\"position\":2,\"name\":\"My Account\"}]},{\"@type\":\"WebSite\",\"@id\":\"https:\\\/\\\/annhientech.vn\\\/#website\",\"url\":\"https:\\\/\\\/annhientech.vn\\\/\",\"name\":\"CTY TNHH KHOA H\u1eccC K\u1ef8 THU\u1eacT AN NHI\u00caN\",\"description\":\"\",\"publisher\":{\"@id\":\"https:\\\/\\\/annhientech.vn\\\/#organization\"},\"potentialAction\":[{\"@type\":\"SearchAction\",\"target\":{\"@type\":\"EntryPoint\",\"urlTemplate\":\"https:\\\/\\\/annhientech.vn\\\/?s={search_term_string}\"},\"query-input\":{\"@type\":\"PropertyValueSpecification\",\"valueRequired\":true,\"valueName\":\"search_term_string\"}}],\"inLanguage\":\"en-US\"},{\"@type\":\"Organization\",\"@id\":\"https:\\\/\\\/annhientech.vn\\\/#organization\",\"name\":\"C\u00f4ng ty TNHH Khoa H\u1ecdc K\u1ef9 Thu\u1eadt An Nhi\u00ean\",\"url\":\"https:\\\/\\\/annhientech.vn\\\/\",\"logo\":{\"@type\":\"ImageObject\",\"inLanguage\":\"en-US\",\"@id\":\"https:\\\/\\\/annhientech.vn\\\/#\\\/schema\\\/logo\\\/image\\\/\",\"url\":\"https:\\\/\\\/annhientech.vn\\\/wp-content\\\/uploads\\\/2021\\\/05\\\/favicon.png\",\"contentUrl\":\"https:\\\/\\\/annhientech.vn\\\/wp-content\\\/uploads\\\/2021\\\/05\\\/favicon.png\",\"width\":710,\"height\":653,\"caption\":\"C\u00f4ng ty TNHH Khoa H\u1ecdc K\u1ef9 Thu\u1eadt An Nhi\u00ean\"},\"image\":{\"@id\":\"https:\\\/\\\/annhientech.vn\\\/#\\\/schema\\\/logo\\\/image\\\/\"},\"sameAs\":[\"https:\\\/\\\/www.facebook.com\\\/pg\\\/annhien.scientific\\\/\"]}]}<\/script>\n<!-- \/ Yoast SEO plugin. -->","yoast_head_json":{"title":"My Account - CTY TNHH KHOA H\u1eccC K\u1ef8 THU\u1eacT AN NHI\u00caN","description":"Chuy\u00ean ph\u00e2n ph\u1ed1i thi\u1ebft b\u1ecb khoa h\u1ecdc, h\u00f3a ch\u1ea5t, sinh ph\u1ea9m v\u00e0 \u0111\u1ed3 ti\u00eau hao ph\u1ee5c v\u1ee5 cho c\u00e1c l\u0129nh v\u1ef1c nghi\u00ean c\u1ee9u khoa h\u1ecdc s\u1ef1 s\u1ed1ng h\u1ecdc, h\u00f3a h\u1ecdc, y sinh h\u1ecdc, ch\u1ea9n \u0111o\u00e1n l\u00e2m s\u00e0ng, th\u00fa y, v\u1ec7 sinh th\u1ef1c ph\u1ea9m, ki\u1ec3m so\u00e1t m\u00f4i tr\u01b0\u1eddng, ki\u1ec3m tra ch\u1ea5t l\u01b0\u1ee3ng trong c\u00f4ng nghi\u1ec7p D\u01b0\u1ee3c ph\u1ea9m, Th\u1ef1c ph\u1ea9m v\u00e0 H\u00f3a ch\u1ea5t.","robots":{"index":"index","follow":"follow","max-snippet":"max-snippet:-1","max-image-preview":"max-image-preview:large","max-video-preview":"max-video-preview:-1"},"canonical":"https:\/\/www.annhientech.vn\/en\/my-account-2\/","og_locale":"en_US","og_type":"article","og_title":"My Account - CTY TNHH KHOA H\u1eccC K\u1ef8 THU\u1eacT AN NHI\u00caN","og_description":"Chuy\u00ean ph\u00e2n ph\u1ed1i thi\u1ebft b\u1ecb khoa h\u1ecdc, h\u00f3a ch\u1ea5t, sinh ph\u1ea9m v\u00e0 \u0111\u1ed3 ti\u00eau hao ph\u1ee5c v\u1ee5 cho c\u00e1c l\u0129nh v\u1ef1c nghi\u00ean c\u1ee9u khoa h\u1ecdc s\u1ef1 s\u1ed1ng h\u1ecdc, h\u00f3a h\u1ecdc, y sinh h\u1ecdc, ch\u1ea9n \u0111o\u00e1n l\u00e2m s\u00e0ng, th\u00fa y, v\u1ec7 sinh th\u1ef1c ph\u1ea9m, ki\u1ec3m so\u00e1t m\u00f4i tr\u01b0\u1eddng, ki\u1ec3m tra ch\u1ea5t l\u01b0\u1ee3ng trong c\u00f4ng nghi\u1ec7p D\u01b0\u1ee3c ph\u1ea9m, Th\u1ef1c ph\u1ea9m v\u00e0 H\u00f3a ch\u1ea5t.","og_url":"https:\/\/www.annhientech.com\/en\/my-account-2\/","og_site_name":"CTY TNHH KHOA H\u1eccC K\u1ef8 THU\u1eacT AN NHI\u00caN","article_publisher":"https:\/\/www.facebook.com\/pg\/annhien.scientific\/","og_image":[{"width":828,"height":828,"url":"https:\/\/annhientech.com\/wp-content\/uploads\/2021\/05\/Logo-AnNhien-KSNK_20032017.png","type":"image\/png"}],"twitter_card":"summary_large_image","schema":{"@context":"https:\/\/schema.org","@graph":[{"@type":"WebPage","@id":"https:\/\/www.annhientech.com\/en\/my-account-2\/","url":"https:\/\/www.annhientech.com\/en\/my-account-2\/","name":"My Account - CTY TNHH KHOA H\u1eccC K\u1ef8 THU\u1eacT AN NHI\u00caN","isPartOf":{"@id":"https:\/\/annhientech.vn\/#website"},"datePublished":"2022-01-23T08:08:19+00:00","description":"Chuy\u00ean ph\u00e2n ph\u1ed1i thi\u1ebft b\u1ecb khoa h\u1ecdc, h\u00f3a ch\u1ea5t, sinh ph\u1ea9m v\u00e0 \u0111\u1ed3 ti\u00eau hao ph\u1ee5c v\u1ee5 cho c\u00e1c l\u0129nh v\u1ef1c nghi\u00ean c\u1ee9u khoa h\u1ecdc s\u1ef1 s\u1ed1ng h\u1ecdc, h\u00f3a h\u1ecdc, y sinh h\u1ecdc, ch\u1ea9n \u0111o\u00e1n l\u00e2m s\u00e0ng, th\u00fa y, v\u1ec7 sinh th\u1ef1c ph\u1ea9m, ki\u1ec3m so\u00e1t m\u00f4i tr\u01b0\u1eddng, ki\u1ec3m tra ch\u1ea5t l\u01b0\u1ee3ng trong c\u00f4ng nghi\u1ec7p D\u01b0\u1ee3c ph\u1ea9m, Th\u1ef1c ph\u1ea9m v\u00e0 H\u00f3a ch\u1ea5t.","breadcrumb":{"@id":"https:\/\/www.annhientech.com\/en\/my-account-2\/#breadcrumb"},"inLanguage":"en-US","potentialAction":[{"@type":"ReadAction","target":["https:\/\/www.annhientech.com\/en\/my-account-2\/"]}]},{"@type":"BreadcrumbList","@id":"https:\/\/www.annhientech.com\/en\/my-account-2\/#breadcrumb","itemListElement":[{"@type":"ListItem","position":1,"name":"Trang ch\u1ee7","item":"https:\/\/www.annhientech.vn\/en\/"},{"@type":"ListItem","position":2,"name":"My Account"}]},{"@type":"WebSite","@id":"https:\/\/annhientech.vn\/#website","url":"https:\/\/annhientech.vn\/","name":"CTY TNHH KHOA H\u1eccC K\u1ef8 THU\u1eacT AN NHI\u00caN","description":"","publisher":{"@id":"https:\/\/annhientech.vn\/#organization"},"potentialAction":[{"@type":"SearchAction","target":{"@type":"EntryPoint","urlTemplate":"https:\/\/annhientech.vn\/?s={search_term_string}"},"query-input":{"@type":"PropertyValueSpecification","valueRequired":true,"valueName":"search_term_string"}}],"inLanguage":"en-US"},{"@type":"Organization","@id":"https:\/\/annhientech.vn\/#organization","name":"C\u00f4ng ty TNHH Khoa H\u1ecdc K\u1ef9 Thu\u1eadt An Nhi\u00ean","url":"https:\/\/annhientech.vn\/","logo":{"@type":"ImageObject","inLanguage":"en-US","@id":"https:\/\/annhientech.vn\/#\/schema\/logo\/image\/","url":"https:\/\/annhientech.vn\/wp-content\/uploads\/2021\/05\/favicon.png","contentUrl":"https:\/\/annhientech.vn\/wp-content\/uploads\/2021\/05\/favicon.png","width":710,"height":653,"caption":"C\u00f4ng ty TNHH Khoa H\u1ecdc K\u1ef9 Thu\u1eadt An Nhi\u00ean"},"image":{"@id":"https:\/\/annhientech.vn\/#\/schema\/logo\/image\/"},"sameAs":["https:\/\/www.facebook.com\/pg\/annhien.scientific\/"]}]}},"_links":{"self":[{"href":"https:\/\/annhientech.com\/en\/wp-json\/wp\/v2\/pages\/842","targetHints":{"allow":["GET"]}}],"collection":[{"href":"https:\/\/annhientech.com\/en\/wp-json\/wp\/v2\/pages"}],"about":[{"href":"https:\/\/annhientech.com\/en\/wp-json\/wp\/v2\/types\/page"}],"author":[{"embeddable":true,"href":"https:\/\/annhientech.com\/en\/wp-json\/wp\/v2\/users\/1"}],"replies":[{"embeddable":true,"href":"https:\/\/annhientech.com\/en\/wp-json\/wp\/v2\/comments?post=842"}],"version-history":[{"count":0,"href":"https:\/\/annhientech.com\/en\/wp-json\/wp\/v2\/pages\/842\/revisions"}],"wp:attachment":[{"href":"https:\/\/annhientech.com\/en\/wp-json\/wp\/v2\/media?parent=842"}],"curies":[{"name":"wp","href":"https:\/\/api.w.org\/{rel}","templated":true}]}}