{"id":829,"date":"2022-01-21T10:54:25","date_gmt":"2022-01-21T03:54:25","guid":{"rendered":"https:\/\/annhientech.vn\/contact\/"},"modified":"2022-01-21T10:54:25","modified_gmt":"2022-01-21T03:54:25","slug":"contact","status":"publish","type":"page","link":"https:\/\/annhientech.com\/en\/contact\/","title":{"rendered":"Contact"},"content":{"rendered":"\r\n\t<section class=\"section dark\" id=\"section_657497173\">\n\t\t<div class=\"bg section-bg fill bg-fill  \" >\n\n\t\t\t\n\t\t\t<div class=\"section-bg-overlay absolute fill\"><\/div>\n\t\t\t\n\n\t\t<\/div>\n\n\t\t\n\n\t\t<div class=\"section-content relative\">\n\t\t\t\r\n\r\n\r\n\t\t<\/div>\n\n\t\t\n<style>\n#section_657497173 {\n  padding-top: 140px;\n  padding-bottom: 140px;\n  background-color: rgb(40, 40, 40);\n}\n#section_657497173 .section-bg-overlay {\n  background-color: rgba(0, 0, 0, 0.3);\n}\n#section_657497173 .section-bg.bg-loaded {\n  background-image: url(https:\/\/annhientech.com\/wp-content\/uploads\/2021\/12\/featured_research-scientist_1600x600.jpg);\n}\n#section_657497173 .section-bg {\n  background-position: 53% 90%;\n}\n<\/style>\n\t<\/section>\n\t\r\n\t<section class=\"section\" id=\"section_967256071\">\n\t\t<div class=\"bg section-bg fill bg-fill  bg-loaded\" >\n\n\t\t\t\n\t\t\t\n\t\t\t\n\n\t\t<\/div>\n\n\t\t\n\n\t\t<div class=\"section-content relative\">\n\t\t\t\r\n\r\n<div class=\"row\"  id=\"row-1767775799\">\r\n\r\n\n\t<div id=\"col-1634943471\" class=\"col small-12 large-12\"  >\n\t\t\t\t<div class=\"col-inner\"  >\n\t\t\t\n\t\t\t\r\n\r\n<div class=\"row align-equal\"  id=\"row-1395189976\">\r\n\r\n\n\t<div id=\"col-692299953\" class=\"col medium-6 small-12 large-6\"  >\n\t\t\t\t<div class=\"col-inner text-center\"  >\n\t\t\t\n\t\t\t\r\n\r\n\n\t\t<div class=\"icon-box featured-box icon-box-center text-center\"  >\n\t\t\t\t\t<div class=\"icon-box-img\" style=\"width: 60px\">\n\t\t\t\t<div class=\"icon\">\n\t\t\t\t\t<div class=\"icon-inner\" >\n\t\t\t\t\t\t\t\t\t\t\t<\/div>\n\t\t\t\t<\/div>\n\t\t\t<\/div>\n\t\t\t\t<div class=\"icon-box-text last-reset\">\n\t\t\t\t\t\t\t\t\t\r\n\r\n<h4>Talk to sales<\/h4>\r\n<p>Interested in our hosting? Just pick up the phone and call us.<\/p>\r\n\t<div id=\"gap-1063194764\" class=\"gap-element clearfix\" style=\"display:block; height:auto;\">\n\t\t\n<style>\n#gap-1063194764 {\n  padding-top: 20px;\n}\n<\/style>\n\t<\/div>\n\t\r\n\r\n<a href=\"tel:+842873028088\" target=\"_self\" class=\"button secondary box-shadow-3 box-shadow-3-hover lowercase\"  style=\"border-radius:15px;\">\n  <i class=\"icon-phone\" aria-hidden=\"true\" ><\/i>  <span>Call : +84 28 7302 8088<\/span>\n  <\/a>\n\r\n\r\n\r\n\t\t<\/div>\n\t<\/div>\n\t\n\t\r\n\r\n\t\t<\/div>\n\t\t\t\t\t<\/div>\n\n\t\r\n\n\t<div id=\"col-1045126681\" class=\"col medium-6 small-12 large-6\"  >\n\t\t\t\t<div class=\"col-inner text-center\"  >\n\t\t\t\n\t\t\t\r\n\r\n\n\t\t<div class=\"icon-box featured-box icon-box-center text-center\"  >\n\t\t\t\t\t<div class=\"icon-box-img\" style=\"width: 60px\">\n\t\t\t\t<div class=\"icon\">\n\t\t\t\t\t<div class=\"icon-inner\" >\n\t\t\t\t\t\t\t\t\t\t\t<\/div>\n\t\t\t\t<\/div>\n\t\t\t<\/div>\n\t\t\t\t<div class=\"icon-box-text last-reset\">\n\t\t\t\t\t\t\t\t\t\r\n\r\n<h4>Contact support<\/h4>\r\n<p>Sometimes you need a little help. Don&#8217;t worry, We&#8217;re here for you.<\/p>\r\n\t<div id=\"gap-479769448\" class=\"gap-element clearfix\" style=\"display:block; height:auto;\">\n\t\t\n<style>\n#gap-479769448 {\n  padding-top: 20px;\n}\n<\/style>\n\t<\/div>\n\t\r\n\r\n\r\n\t\t<\/div>\n\t<\/div>\n\t\n\t\r\n<a href=\"mailto:info@annhientech.vn\" target=\"_self\" class=\"button secondary box-shadow-3 box-shadow-3-hover\"  style=\"border-radius:15px;\">\n  <i class=\"icon-envelop\" aria-hidden=\"true\" ><\/i>  <span>Contact support<\/span>\n  <\/a>\n\r\n\r\n\r\n\t\t<\/div>\n\t\t\t\t\t<\/div>\n\n\t\r\n\n\t<div id=\"col-1032544065\" class=\"col small-12 large-12\"  >\n\t\t\t\t<div class=\"col-inner text-center\" style=\"background-color:rgb(255,255,255);\" >\n\t\t\t\n\t\t\t\r\n\r\n<h3>G\u1eecI Y\u00caU C\u1ea6U<\/h3>\r\n\r\n<div class=\"is-divider divider clearfix\" ><\/div>\r\n\r\n<div class=\"row align-center\"  id=\"row-1216791063\">\r\n\r\n\n\t<div id=\"col-1284316382\" class=\"col medium-11 small-12 large-9\"  >\n\t\t\t\t<div class=\"col-inner text-left\"  >\n\t\t\t\n\t\t\t\r\n\r\n\n<div class=\"wpcf7 no-js\" id=\"wpcf7-f11-o1\" lang=\"en-US\" dir=\"ltr\" data-wpcf7-id=\"11\">\n<div class=\"screen-reader-response\"><p role=\"status\" aria-live=\"polite\" aria-atomic=\"true\"><\/p> <ul><\/ul><\/div>\n<form action=\"\/en\/wp-json\/wp\/v2\/pages\/829#wpcf7-f11-o1\" method=\"post\" class=\"wpcf7-form init\" aria-label=\"Contact form\" novalidate=\"novalidate\" data-status=\"init\">\n<fieldset class=\"hidden-fields-container\"><input type=\"hidden\" name=\"_wpcf7\" value=\"11\" \/><input type=\"hidden\" name=\"_wpcf7_version\" value=\"6.1.5\" \/><input type=\"hidden\" name=\"_wpcf7_locale\" value=\"en_US\" \/><input type=\"hidden\" name=\"_wpcf7_unit_tag\" value=\"wpcf7-f11-o1\" \/><input type=\"hidden\" name=\"_wpcf7_container_post\" value=\"0\" \/><input type=\"hidden\" name=\"_wpcf7_posted_data_hash\" value=\"\" \/><input type=\"hidden\" name=\"_wpcf7_recaptcha_response\" value=\"\" \/>\n<\/fieldset>\n<div class=\"form-flat\">\n\t<p><span class=\"wpcf7-form-control-wrap\" data-name=\"your-name\"><input size=\"40\" maxlength=\"400\" class=\"wpcf7-form-control wpcf7-text wpcf7-validates-as-required\" aria-required=\"true\" aria-invalid=\"false\" placeholder=\"T\u00ean C\u1ee7a B\u1ea1n (B\u1eaft Bu\u1ed9c)\" value=\"\" type=\"text\" name=\"your-name\" \/><\/span>\n\t<\/p>\n\t<p><span class=\"wpcf7-form-control-wrap\" data-name=\"tel-415\"><input size=\"40\" maxlength=\"400\" class=\"wpcf7-form-control wpcf7-tel wpcf7-validates-as-required wpcf7-text wpcf7-validates-as-tel\" aria-required=\"true\" aria-invalid=\"false\" placeholder=\"S\u1ed1 \u0110i\u1ec7n Tho\u1ea1i (B\u1eaft Bu\u1ed9c)\" value=\"\" type=\"tel\" name=\"tel-415\" \/><\/span>\n\t<\/p>\n\t<p><span class=\"wpcf7-form-control-wrap\" data-name=\"your-email\"><input size=\"40\" maxlength=\"400\" class=\"wpcf7-form-control wpcf7-email wpcf7-validates-as-required wpcf7-text wpcf7-validates-as-email\" aria-required=\"true\" aria-invalid=\"false\" placeholder=\"Email (B\u1eaft Bu\u1ed9c)\" value=\"\" type=\"email\" name=\"your-email\" \/><\/span>\n\t<\/p>\n\t<p><span class=\"wpcf7-form-control-wrap\" data-name=\"your-message\"><textarea cols=\"40\" rows=\"10\" maxlength=\"2000\" class=\"wpcf7-form-control wpcf7-textarea\" aria-invalid=\"false\" placeholder=\"N\u1ed9i dung y\u00eau c\u1ea7u (B\u1eaft Bu\u1ed9c)\" name=\"your-message\"><\/textarea><\/span>\n\t<\/p>\n\t<p><input class=\"wpcf7-form-control wpcf7-submit has-spinner button\" type=\"submit\" value=\"G\u1eedi\" \/>\n\t<\/p>\n<\/div><div class=\"wpcf7-response-output\" aria-hidden=\"true\"><\/div>\n<\/form>\n<\/div>\n\r\n\r\n\r\n\t\t<\/div>\n\t\t\t\t\t<\/div>\n\n\t\r\n\r\n<\/div>\r\n\r\n\t\t<\/div>\n\t\t\t\t\t<\/div>\n\n\t\r\n\n\t<div id=\"col-646947405\" class=\"col small-12 large-12\"  >\n\t\t\t\t<div class=\"col-inner text-left\"  >\n\t\t\t\n\t\t\t\r\n\r\n<p><iframe src=\"https:\/\/www.google.com\/maps\/embed?pb=!1m18!1m12!1m3!1d244.95207926726513!2d106.73297687370994!3d10.793437871234708!2m3!1f0!2f0!3f0!3m2!1i1024!2i768!4f13.1!3m3!1m2!1s0x317527434fde7347%3A0xfad584b7a45f5c86!2zQ8O0bmcgdHkgVE5ISCBLaG9hIEjhu41jIEvhu7kgVGh14bqtdCBBbiBOaGnDqm4!5e0!3m2!1sen!2s!4v1639057602807!5m2!1sen!2s\" width=\"100%\" height=\"450\" style=\"border:0;\" allowfullscreen=\"\" loading=\"lazy\"><\/iframe><\/p>\r\n\r\n\r\n\t\t<\/div>\n\t\t\t\t\t<\/div>\n\n\t\r\n\r\n\n<style>\n#row-1395189976 > .col > .col-inner {\n  padding: 40px 40px 40px 40px;\n  background-color: rgb(255,255,255);\n}\n<\/style>\n<\/div>\r\n\r\n\t\t<\/div>\n\t\t\t\t\n<style>\n#col-1634943471 > .col-inner {\n  margin: -100px 0px 0px 0px;\n}\n<\/style>\n\t<\/div>\n\n\t\r\n\r\n<\/div>\r\n\r\n\t\t<\/div>\n\n\t\t\n<style>\n#section_967256071 {\n  padding-top: 30px;\n  padding-bottom: 30px;\n  background-color: rgb(244, 244, 244);\n}\n<\/style>\n\t<\/section>\n\t\r\n\r\n","protected":false},"excerpt":{"rendered":"","protected":false},"author":1,"featured_media":0,"parent":0,"menu_order":0,"comment_status":"closed","ping_status":"closed","template":"","meta":{"footnotes":""},"class_list":["post-829","page","type-page","status-publish","hentry"],"yoast_head":"<!-- This site is optimized with the Yoast SEO plugin v27.3 - https:\/\/yoast.com\/product\/yoast-seo-wordpress\/ -->\n<title>Contact - CTY TNHH KHOA H\u1eccC K\u1ef8 THU\u1eacT AN NHI\u00caN<\/title>\n<meta name=\"description\" content=\"Chuy\u00ean ph\u00e2n ph\u1ed1i thi\u1ebft b\u1ecb khoa h\u1ecdc, h\u00f3a ch\u1ea5t, sinh ph\u1ea9m v\u00e0 \u0111\u1ed3 ti\u00eau hao ph\u1ee5c v\u1ee5 cho c\u00e1c l\u0129nh v\u1ef1c nghi\u00ean c\u1ee9u khoa h\u1ecdc s\u1ef1 s\u1ed1ng h\u1ecdc, h\u00f3a h\u1ecdc, y sinh h\u1ecdc, ch\u1ea9n \u0111o\u00e1n l\u00e2m s\u00e0ng, th\u00fa y, v\u1ec7 sinh th\u1ef1c ph\u1ea9m, ki\u1ec3m so\u00e1t m\u00f4i tr\u01b0\u1eddng, ki\u1ec3m tra ch\u1ea5t l\u01b0\u1ee3ng trong c\u00f4ng nghi\u1ec7p D\u01b0\u1ee3c ph\u1ea9m, Th\u1ef1c ph\u1ea9m v\u00e0 H\u00f3a ch\u1ea5t.\" \/>\n<meta name=\"robots\" content=\"index, follow, max-snippet:-1, max-image-preview:large, max-video-preview:-1\" \/>\n<link rel=\"canonical\" href=\"https:\/\/annhientech.vn\/en\/contact\/\" \/>\n<meta property=\"og:locale\" content=\"en_US\" \/>\n<meta property=\"og:type\" content=\"article\" \/>\n<meta property=\"og:title\" content=\"Contact - CTY TNHH KHOA H\u1eccC K\u1ef8 THU\u1eacT AN NHI\u00caN\" \/>\n<meta property=\"og:description\" content=\"Chuy\u00ean ph\u00e2n ph\u1ed1i thi\u1ebft b\u1ecb khoa h\u1ecdc, h\u00f3a ch\u1ea5t, sinh ph\u1ea9m v\u00e0 \u0111\u1ed3 ti\u00eau hao ph\u1ee5c v\u1ee5 cho c\u00e1c l\u0129nh v\u1ef1c nghi\u00ean c\u1ee9u khoa h\u1ecdc s\u1ef1 s\u1ed1ng h\u1ecdc, h\u00f3a h\u1ecdc, y sinh h\u1ecdc, ch\u1ea9n \u0111o\u00e1n l\u00e2m s\u00e0ng, th\u00fa y, v\u1ec7 sinh th\u1ef1c ph\u1ea9m, ki\u1ec3m so\u00e1t m\u00f4i tr\u01b0\u1eddng, ki\u1ec3m tra ch\u1ea5t l\u01b0\u1ee3ng trong c\u00f4ng nghi\u1ec7p D\u01b0\u1ee3c ph\u1ea9m, Th\u1ef1c ph\u1ea9m v\u00e0 H\u00f3a ch\u1ea5t.\" \/>\n<meta property=\"og:url\" content=\"https:\/\/annhientech.com\/en\/contact\/\" \/>\n<meta property=\"og:site_name\" content=\"CTY TNHH KHOA H\u1eccC K\u1ef8 THU\u1eacT AN NHI\u00caN\" \/>\n<meta property=\"article:publisher\" content=\"https:\/\/www.facebook.com\/pg\/annhien.scientific\/\" \/>\n<meta property=\"og:image\" content=\"https:\/\/annhientech.com\/wp-content\/uploads\/2021\/05\/Logo-AnNhien-KSNK_20032017.png\" \/>\n\t<meta property=\"og:image:width\" content=\"828\" \/>\n\t<meta property=\"og:image:height\" content=\"828\" \/>\n\t<meta property=\"og:image:type\" content=\"image\/png\" \/>\n<meta name=\"twitter:card\" content=\"summary_large_image\" \/>\n<meta name=\"twitter:label1\" content=\"Est. reading time\" \/>\n\t<meta name=\"twitter:data1\" content=\"1 minute\" \/>\n<script type=\"application\/ld+json\" class=\"yoast-schema-graph\">{\"@context\":\"https:\\\/\\\/schema.org\",\"@graph\":[{\"@type\":\"WebPage\",\"@id\":\"https:\\\/\\\/annhientech.com\\\/en\\\/contact\\\/\",\"url\":\"https:\\\/\\\/annhientech.com\\\/en\\\/contact\\\/\",\"name\":\"Contact - CTY TNHH KHOA H\u1eccC K\u1ef8 THU\u1eacT AN NHI\u00caN\",\"isPartOf\":{\"@id\":\"https:\\\/\\\/annhientech.com\\\/#website\"},\"datePublished\":\"2022-01-21T03:54:25+00:00\",\"description\":\"Chuy\u00ean ph\u00e2n ph\u1ed1i thi\u1ebft b\u1ecb khoa h\u1ecdc, h\u00f3a ch\u1ea5t, sinh ph\u1ea9m v\u00e0 \u0111\u1ed3 ti\u00eau hao ph\u1ee5c v\u1ee5 cho c\u00e1c l\u0129nh v\u1ef1c nghi\u00ean c\u1ee9u khoa h\u1ecdc s\u1ef1 s\u1ed1ng h\u1ecdc, h\u00f3a h\u1ecdc, y sinh h\u1ecdc, ch\u1ea9n \u0111o\u00e1n l\u00e2m s\u00e0ng, th\u00fa y, v\u1ec7 sinh th\u1ef1c ph\u1ea9m, ki\u1ec3m so\u00e1t m\u00f4i tr\u01b0\u1eddng, ki\u1ec3m tra ch\u1ea5t l\u01b0\u1ee3ng trong c\u00f4ng nghi\u1ec7p D\u01b0\u1ee3c ph\u1ea9m, Th\u1ef1c ph\u1ea9m v\u00e0 H\u00f3a ch\u1ea5t.\",\"breadcrumb\":{\"@id\":\"https:\\\/\\\/annhientech.com\\\/en\\\/contact\\\/#breadcrumb\"},\"inLanguage\":\"en-US\",\"potentialAction\":[{\"@type\":\"ReadAction\",\"target\":[\"https:\\\/\\\/annhientech.com\\\/en\\\/contact\\\/\"]}]},{\"@type\":\"BreadcrumbList\",\"@id\":\"https:\\\/\\\/annhientech.com\\\/en\\\/contact\\\/#breadcrumb\",\"itemListElement\":[{\"@type\":\"ListItem\",\"position\":1,\"name\":\"Trang ch\u1ee7\",\"item\":\"https:\\\/\\\/annhientech.com\\\/en\\\/\"},{\"@type\":\"ListItem\",\"position\":2,\"name\":\"Contact\"}]},{\"@type\":\"WebSite\",\"@id\":\"https:\\\/\\\/annhientech.com\\\/#website\",\"url\":\"https:\\\/\\\/annhientech.com\\\/\",\"name\":\"CTY TNHH KHOA H\u1eccC K\u1ef8 THU\u1eacT AN NHI\u00caN\",\"description\":\"\",\"publisher\":{\"@id\":\"https:\\\/\\\/annhientech.com\\\/#organization\"},\"potentialAction\":[{\"@type\":\"SearchAction\",\"target\":{\"@type\":\"EntryPoint\",\"urlTemplate\":\"https:\\\/\\\/annhientech.com\\\/?s={search_term_string}\"},\"query-input\":{\"@type\":\"PropertyValueSpecification\",\"valueRequired\":true,\"valueName\":\"search_term_string\"}}],\"inLanguage\":\"en-US\"},{\"@type\":\"Organization\",\"@id\":\"https:\\\/\\\/annhientech.com\\\/#organization\",\"name\":\"C\u00f4ng ty TNHH Khoa H\u1ecdc K\u1ef9 Thu\u1eadt An Nhi\u00ean\",\"url\":\"https:\\\/\\\/annhientech.com\\\/\",\"logo\":{\"@type\":\"ImageObject\",\"inLanguage\":\"en-US\",\"@id\":\"https:\\\/\\\/annhientech.com\\\/#\\\/schema\\\/logo\\\/image\\\/\",\"url\":\"https:\\\/\\\/annhientech.vn\\\/wp-content\\\/uploads\\\/2021\\\/05\\\/favicon.png\",\"contentUrl\":\"https:\\\/\\\/annhientech.vn\\\/wp-content\\\/uploads\\\/2021\\\/05\\\/favicon.png\",\"width\":710,\"height\":653,\"caption\":\"C\u00f4ng ty TNHH Khoa H\u1ecdc K\u1ef9 Thu\u1eadt An Nhi\u00ean\"},\"image\":{\"@id\":\"https:\\\/\\\/annhientech.com\\\/#\\\/schema\\\/logo\\\/image\\\/\"},\"sameAs\":[\"https:\\\/\\\/www.facebook.com\\\/pg\\\/annhien.scientific\\\/\"]}]}<\/script>\n<!-- \/ Yoast SEO plugin. -->","yoast_head_json":{"title":"Contact - CTY TNHH KHOA H\u1eccC K\u1ef8 THU\u1eacT AN NHI\u00caN","description":"Chuy\u00ean ph\u00e2n ph\u1ed1i thi\u1ebft b\u1ecb khoa h\u1ecdc, h\u00f3a ch\u1ea5t, sinh ph\u1ea9m v\u00e0 \u0111\u1ed3 ti\u00eau hao ph\u1ee5c v\u1ee5 cho c\u00e1c l\u0129nh v\u1ef1c nghi\u00ean c\u1ee9u khoa h\u1ecdc s\u1ef1 s\u1ed1ng h\u1ecdc, h\u00f3a h\u1ecdc, y sinh h\u1ecdc, ch\u1ea9n \u0111o\u00e1n l\u00e2m s\u00e0ng, th\u00fa y, v\u1ec7 sinh th\u1ef1c ph\u1ea9m, ki\u1ec3m so\u00e1t m\u00f4i tr\u01b0\u1eddng, ki\u1ec3m tra ch\u1ea5t l\u01b0\u1ee3ng trong c\u00f4ng nghi\u1ec7p D\u01b0\u1ee3c ph\u1ea9m, Th\u1ef1c ph\u1ea9m v\u00e0 H\u00f3a ch\u1ea5t.","robots":{"index":"index","follow":"follow","max-snippet":"max-snippet:-1","max-image-preview":"max-image-preview:large","max-video-preview":"max-video-preview:-1"},"canonical":"https:\/\/annhientech.vn\/en\/contact\/","og_locale":"en_US","og_type":"article","og_title":"Contact - CTY TNHH KHOA H\u1eccC K\u1ef8 THU\u1eacT AN NHI\u00caN","og_description":"Chuy\u00ean ph\u00e2n ph\u1ed1i thi\u1ebft b\u1ecb khoa h\u1ecdc, h\u00f3a ch\u1ea5t, sinh ph\u1ea9m v\u00e0 \u0111\u1ed3 ti\u00eau hao ph\u1ee5c v\u1ee5 cho c\u00e1c l\u0129nh v\u1ef1c nghi\u00ean c\u1ee9u khoa h\u1ecdc s\u1ef1 s\u1ed1ng h\u1ecdc, h\u00f3a h\u1ecdc, y sinh h\u1ecdc, ch\u1ea9n \u0111o\u00e1n l\u00e2m s\u00e0ng, th\u00fa y, v\u1ec7 sinh th\u1ef1c ph\u1ea9m, ki\u1ec3m so\u00e1t m\u00f4i tr\u01b0\u1eddng, ki\u1ec3m tra ch\u1ea5t l\u01b0\u1ee3ng trong c\u00f4ng nghi\u1ec7p D\u01b0\u1ee3c ph\u1ea9m, Th\u1ef1c ph\u1ea9m v\u00e0 H\u00f3a ch\u1ea5t.","og_url":"https:\/\/annhientech.com\/en\/contact\/","og_site_name":"CTY TNHH KHOA H\u1eccC K\u1ef8 THU\u1eacT AN NHI\u00caN","article_publisher":"https:\/\/www.facebook.com\/pg\/annhien.scientific\/","og_image":[{"width":828,"height":828,"url":"https:\/\/annhientech.com\/wp-content\/uploads\/2021\/05\/Logo-AnNhien-KSNK_20032017.png","type":"image\/png"}],"twitter_card":"summary_large_image","twitter_misc":{"Est. reading time":"1 minute"},"schema":{"@context":"https:\/\/schema.org","@graph":[{"@type":"WebPage","@id":"https:\/\/annhientech.com\/en\/contact\/","url":"https:\/\/annhientech.com\/en\/contact\/","name":"Contact - CTY TNHH KHOA H\u1eccC K\u1ef8 THU\u1eacT AN NHI\u00caN","isPartOf":{"@id":"https:\/\/annhientech.com\/#website"},"datePublished":"2022-01-21T03:54:25+00:00","description":"Chuy\u00ean ph\u00e2n ph\u1ed1i thi\u1ebft b\u1ecb khoa h\u1ecdc, h\u00f3a ch\u1ea5t, sinh ph\u1ea9m v\u00e0 \u0111\u1ed3 ti\u00eau hao ph\u1ee5c v\u1ee5 cho c\u00e1c l\u0129nh v\u1ef1c nghi\u00ean c\u1ee9u khoa h\u1ecdc s\u1ef1 s\u1ed1ng h\u1ecdc, h\u00f3a h\u1ecdc, y sinh h\u1ecdc, ch\u1ea9n \u0111o\u00e1n l\u00e2m s\u00e0ng, th\u00fa y, v\u1ec7 sinh th\u1ef1c ph\u1ea9m, ki\u1ec3m so\u00e1t m\u00f4i tr\u01b0\u1eddng, ki\u1ec3m tra ch\u1ea5t l\u01b0\u1ee3ng trong c\u00f4ng nghi\u1ec7p D\u01b0\u1ee3c ph\u1ea9m, Th\u1ef1c ph\u1ea9m v\u00e0 H\u00f3a ch\u1ea5t.","breadcrumb":{"@id":"https:\/\/annhientech.com\/en\/contact\/#breadcrumb"},"inLanguage":"en-US","potentialAction":[{"@type":"ReadAction","target":["https:\/\/annhientech.com\/en\/contact\/"]}]},{"@type":"BreadcrumbList","@id":"https:\/\/annhientech.com\/en\/contact\/#breadcrumb","itemListElement":[{"@type":"ListItem","position":1,"name":"Trang ch\u1ee7","item":"https:\/\/annhientech.com\/en\/"},{"@type":"ListItem","position":2,"name":"Contact"}]},{"@type":"WebSite","@id":"https:\/\/annhientech.com\/#website","url":"https:\/\/annhientech.com\/","name":"CTY TNHH KHOA H\u1eccC K\u1ef8 THU\u1eacT AN NHI\u00caN","description":"","publisher":{"@id":"https:\/\/annhientech.com\/#organization"},"potentialAction":[{"@type":"SearchAction","target":{"@type":"EntryPoint","urlTemplate":"https:\/\/annhientech.com\/?s={search_term_string}"},"query-input":{"@type":"PropertyValueSpecification","valueRequired":true,"valueName":"search_term_string"}}],"inLanguage":"en-US"},{"@type":"Organization","@id":"https:\/\/annhientech.com\/#organization","name":"C\u00f4ng ty TNHH Khoa H\u1ecdc K\u1ef9 Thu\u1eadt An Nhi\u00ean","url":"https:\/\/annhientech.com\/","logo":{"@type":"ImageObject","inLanguage":"en-US","@id":"https:\/\/annhientech.com\/#\/schema\/logo\/image\/","url":"https:\/\/annhientech.vn\/wp-content\/uploads\/2021\/05\/favicon.png","contentUrl":"https:\/\/annhientech.vn\/wp-content\/uploads\/2021\/05\/favicon.png","width":710,"height":653,"caption":"C\u00f4ng ty TNHH Khoa H\u1ecdc K\u1ef9 Thu\u1eadt An Nhi\u00ean"},"image":{"@id":"https:\/\/annhientech.com\/#\/schema\/logo\/image\/"},"sameAs":["https:\/\/www.facebook.com\/pg\/annhien.scientific\/"]}]}},"_links":{"self":[{"href":"https:\/\/annhientech.com\/en\/wp-json\/wp\/v2\/pages\/829","targetHints":{"allow":["GET"]}}],"collection":[{"href":"https:\/\/annhientech.com\/en\/wp-json\/wp\/v2\/pages"}],"about":[{"href":"https:\/\/annhientech.com\/en\/wp-json\/wp\/v2\/types\/page"}],"author":[{"embeddable":true,"href":"https:\/\/annhientech.com\/en\/wp-json\/wp\/v2\/users\/1"}],"replies":[{"embeddable":true,"href":"https:\/\/annhientech.com\/en\/wp-json\/wp\/v2\/comments?post=829"}],"version-history":[{"count":0,"href":"https:\/\/annhientech.com\/en\/wp-json\/wp\/v2\/pages\/829\/revisions"}],"wp:attachment":[{"href":"https:\/\/annhientech.com\/en\/wp-json\/wp\/v2\/media?parent=829"}],"curies":[{"name":"wp","href":"https:\/\/api.w.org\/{rel}","templated":true}]}}